{"id":10,"date":"2023-12-04T15:42:25","date_gmt":"2023-12-04T15:42:25","guid":{"rendered":"https:\/\/usidesiguranta.ro\/?page_id=10"},"modified":"2025-12-03T18:47:55","modified_gmt":"2025-12-03T16:47:55","slug":"erintkezes","status":"publish","type":"page","link":"https:\/\/usidesiguranta.ro\/hu\/contact\/","title":{"rendered":"Kapcsolatba l\u00e9pni"},"content":{"rendered":"<h1>Metal <br \/><span class=\"uk-heading-divider uk-display-inline-block\">Doors Concept<\/span><\/h1>\n<ul>\n<li>\n<p>\n        <a href=\"mailto: contact@usidesiguranta.ro\"> contact@usidesiguranta.ro<\/a>\n    <\/p>\n<\/li>\n<li>\n<p>\n        <a href=\"tel:0744512848\">+40 744 512 848<\/a>\n    <\/p>\n<\/li>\n<\/ul>\n<p><p>\n        <a href=\"mailto:contact@usidesiguranta.ro\">contact@usidesiguranta.ro<\/a>\n    <\/p>\n<\/p>\n<p><p>\n        <a href=\"tel:+40744512848\">+40 744 512 848<\/a>\n    <\/p>\n<\/p>\n<div>\n<h2>Oradea<\/h2>\n<div>METAL DOORS CONCEPT S.R.L.<br \/>\nCUI RO40109164, | J05\/2645\/2018<br \/>\n<b>Ing. Sorin Costea<\/b><br \/>\nEp. Roman Ciorogariu nr. 4,<br \/>\nJud. Bihor, Mun. Oradea<br \/>\ncod po\u0219tal 410017, Rom\u00e2nia\n<\/div>\n<p><a href=\"https:\/\/maps.app.goo.gl\/UunXfbdnZFcq9Y8A8\">Vezi pe hart\u0103<\/a><\/p>\n<\/div>\n<p><!--more--><br \/>\n<!-- {\"type\":\"layout\",\"children\":[{\"name\":\"Contact\",\"type\":\"section\",\"props\":{\"header_transparent\":true,\"header_transparent_text_color\":\"light\",\"height\":\"viewport\",\"height_offset_top\":true,\"image\":\"wp-content\\\/uploads\\\/2024\\\/02\\\/contact-romania-bg-02.svg\",\"image_loading\":true,\"image_position\":\"center-center\",\"image_size\":\"cover\",\"padding\":\"xlarge\",\"style\":\"secondary\",\"title_breakpoint\":\"xl\",\"title_position\":\"top-left\",\"title_rotation\":\"left\",\"vertical_align\":\"middle\",\"width\":\"large\"},\"children\":[{\"type\":\"row\",\"props\":{\"column_gap\":\"large\",\"layout\":\"1-3,1-3,1-3\",\"row_gap\":\"large\"},\"children\":[{\"type\":\"column\",\"props\":{\"image_position\":\"center-center\",\"position_sticky_breakpoint\":\"m\",\"width_medium\":\"1-3\"},\"children\":[{\"type\":\"headline\",\"props\":{\"animation\":\"parallax\",\"content\":\"Metal <br \\\/><span class=\\\"uk-heading-divider uk-display-inline-block\\\">Doors Concept<\\\/span>\",\"margin\":\"large\",\"parallax_breakpoint\":\"m\",\"parallax_easing\":\"1\",\"parallax_y\":\"50,-100\",\"text_align\":\"left\",\"text_align_breakpoint\":\"s\",\"text_align_fallback\":\"center\",\"title_element\":\"h1\",\"title_style\":\"heading-medium\"}},{\"type\":\"button\",\"props\":{\"animation\":\"parallax\",\"fullwidth\":false,\"grid_column_gap\":\"\",\"grid_row_gap\":\"\",\"margin\":\"default\",\"margin_remove_top\":true,\"parallax_breakpoint\":\"m\",\"parallax_easing\":\"1\",\"parallax_y\":\"50,-100\",\"text_align\":\"left\",\"text_align_breakpoint\":\"s\",\"text_align_fallback\":\"center\",\"visibility\":\"s\"},\"children\":[{\"type\":\"button_item\",\"props\":{\"button_style\":\"primary\",\"content\":\" contact@usidesiguranta.ro\",\"dialog_layout\":\"modal\",\"dialog_offcanvas_flip\":true,\"icon_align\":\"left\",\"link\":\"mailto: contact@usidesiguranta.ro\"}},{\"type\":\"button_item\",\"props\":{\"button_style\":\"\",\"content\":\"+40 744 512 848\",\"dialog_layout\":\"modal\",\"dialog_offcanvas_flip\":true,\"icon_align\":\"left\",\"link\":\"tel:0744512848\"}}]},{\"type\":\"button\",\"props\":{\"animation\":\"parallax\",\"fullwidth\":false,\"grid_column_gap\":\"\",\"grid_row_gap\":\"\",\"margin\":\"default\",\"parallax_breakpoint\":\"m\",\"parallax_easing\":\"1\",\"parallax_y\":\"50,-100\",\"text_align\":\"left\",\"text_align_breakpoint\":\"s\",\"text_align_fallback\":\"center\",\"visibility\":\"hidden-s\"},\"children\":[{\"type\":\"button_item\",\"props\":{\"button_style\":\"default\",\"content\":\"contact@usidesiguranta.ro\",\"dialog_layout\":\"modal\",\"dialog_offcanvas_flip\":true,\"icon_align\":\"left\",\"link\":\"mailto:contact@usidesiguranta.ro\"}}]},{\"type\":\"button\",\"props\":{\"animation\":\"parallax\",\"fullwidth\":false,\"grid_column_gap\":\"\",\"grid_row_gap\":\"\",\"margin\":\"default\",\"parallax_breakpoint\":\"m\",\"parallax_easing\":\"1\",\"parallax_y\":\"50,-100\",\"text_align\":\"left\",\"text_align_breakpoint\":\"s\",\"text_align_fallback\":\"center\",\"visibility\":\"hidden-s\"},\"children\":[{\"type\":\"button_item\",\"props\":{\"button_style\":\"\",\"content\":\"+40 744 512 848\",\"dialog_layout\":\"modal\",\"dialog_offcanvas_flip\":true,\"icon_align\":\"left\",\"link\":\"tel:+40744512848\"}}]}]},{\"type\":\"column\",\"props\":{\"image_position\":\"center-center\",\"position_sticky_breakpoint\":\"m\",\"width_medium\":\"1-3\"},\"children\":[{\"type\":\"grid\",\"props\":{\"animation\":\"parallax\",\"block_align\":\"right\",\"content_column_breakpoint\":\"m\",\"css\":\"@media (min-width: 640px){\\n\\t.el-element { margin-top: 100px; }\\n}\\n\",\"filter_align\":\"left\",\"filter_all\":true,\"filter_grid_breakpoint\":\"m\",\"filter_grid_width\":\"auto\",\"filter_position\":\"top\",\"filter_style\":\"tab\",\"grid_column_gap\":\"large\",\"grid_default\":\"1\",\"grid_medium\":\"1\",\"grid_row_gap\":\"large\",\"grid_small\":\"2\",\"icon_width\":80,\"image_align\":\"top\",\"image_grid_breakpoint\":\"m\",\"image_grid_width\":\"1-2\",\"image_svg_color\":\"emphasis\",\"item_animation\":true,\"lightbox_bg_close\":true,\"link_style\":\"text\",\"link_target\":true,\"link_text\":\"Open in Map\",\"margin\":\"default\",\"maxwidth\":\"medium\",\"maxwidth_breakpoint\":\"m\",\"meta_align\":\"below-title\",\"meta_element\":\"div\",\"meta_style\":\"text-meta\",\"parallax_breakpoint\":\"m\",\"parallax_easing\":\"1\",\"parallax_y\":\"50,0\",\"show_content\":true,\"show_hover_image\":true,\"show_hover_video\":true,\"show_image\":true,\"show_link\":true,\"show_meta\":true,\"show_title\":true,\"show_video\":true,\"status\":\"disabled\",\"text_align\":\"left\",\"text_align_breakpoint\":\"s\",\"text_align_fallback\":\"center\",\"title_align\":\"top\",\"title_element\":\"h2\",\"title_grid_breakpoint\":\"m\",\"title_grid_width\":\"1-2\",\"title_hover_style\":\"reset\",\"title_style\":\"heading-small\"},\"children\":[{\"type\":\"grid_item\",\"props\":{\"content\":\"Tomsen + Brody Logistics<br \/>\\nMain Street 1234<br \/>\\n12345 Anytown, Germany\",\"link\":\"#\",\"title\":\"Arad\"}},{\"type\":\"grid_item\",\"props\":{\"content\":\"Tomsen + Brody Logistics<br \/>\\nMain Street 1234<br \/>\\n12345 Anytown, Great Britain\\n\",\"link\":\"#\",\"title\":\"Cluj\"}}]}]},{\"type\":\"column\",\"props\":{\"image_position\":\"center-center\",\"position_sticky_breakpoint\":\"m\",\"width_medium\":\"1-3\"},\"children\":[{\"type\":\"grid\",\"props\":{\"animation\":\"parallax\",\"block_align\":\"right\",\"content_column_breakpoint\":\"m\",\"filter_align\":\"left\",\"filter_all\":true,\"filter_grid_breakpoint\":\"m\",\"filter_grid_width\":\"auto\",\"filter_position\":\"top\",\"filter_style\":\"tab\",\"grid_column_gap\":\"large\",\"grid_default\":\"1\",\"grid_medium\":\"1\",\"grid_row_gap\":\"large\",\"grid_small\":\"2\",\"icon_width\":80,\"image_align\":\"top\",\"image_grid_breakpoint\":\"m\",\"image_grid_width\":\"1-2\",\"image_svg_color\":\"emphasis\",\"item_animation\":true,\"lightbox_bg_close\":true,\"link_style\":\"text\",\"link_target\":true,\"link_text\":\"Vezi pe hart\\u0103\",\"margin\":\"default\",\"maxwidth\":\"medium\",\"maxwidth_breakpoint\":\"m\",\"meta_align\":\"below-title\",\"meta_element\":\"div\",\"meta_style\":\"text-meta\",\"parallax_breakpoint\":\"m\",\"parallax_easing\":\"1\",\"parallax_y\":\"100,0\",\"show_content\":true,\"show_hover_image\":true,\"show_hover_video\":true,\"show_image\":true,\"show_link\":true,\"show_meta\":true,\"show_title\":true,\"show_video\":true,\"text_align\":\"left\",\"text_align_breakpoint\":\"s\",\"text_align_fallback\":\"center\",\"title_align\":\"top\",\"title_element\":\"h2\",\"title_grid_breakpoint\":\"m\",\"title_grid_width\":\"1-2\",\"title_hover_style\":\"reset\",\"title_style\":\"heading-small\"},\"children\":[{\"type\":\"grid_item\",\"props\":{\"content\":\"METAL DOORS CONCEPT S.R.L.<br \/>\\nCUI RO40109164, | J05\\\/2645\\\/2018<br \/>\\n<b>Ing. Sorin Costea<\\\/b><br \/>\\nEp. Roman Ciorogariu nr. 4,<br \/>\\nJud. Bihor, Mun. Oradea<br \/>\\ncod po\\u0219tal 410017, Rom\\u00e2nia\\n\",\"link\":\"https:\\\/\\\/maps.app.goo.gl\\\/UunXfbdnZFcq9Y8A8\",\"title\":\"Oradea\"}},{\"type\":\"grid_item\",\"props\":{\"content\":\"Tomsen + Brody Logistics<br \/>\\nMain Street 1234<br \/>\\n12345 Anytown, United States\\n\",\"link\":\"#\",\"status\":\"disabled\",\"title\":\"Timi\\u0219oara\"}}]}]}]}]}],\"version\":\"4.5.32\"} --><\/p>\n","protected":false},"excerpt":{"rendered":"<p>Metal Doors Concept contact@usidesiguranta.ro +40 744 512 848 contact@usidesiguranta.ro +40 744 512 848 Oradea METAL DOORS CONCEPT SRL CUI RO40109164, | J05\/2645\/2018 Eng. Sorin Costea Ep. Roman Ciorogariu nr. 4, Jud. Bihar, Mun. Nagyv\u00e1rad ir\u00e1ny\u00edt\u00f3sz\u00e1ma 410017, Rom\u00e1nia L\u00e1sd a t\u00e9rk\u00e9pen<\/p>","protected":false},"author":1,"featured_media":0,"parent":0,"menu_order":0,"comment_status":"closed","ping_status":"closed","template":"","meta":{"footnotes":""},"class_list":["post-10","page","type-page","status-publish","hentry"],"aioseo_notices":[],"aioseo_head":"\n\t\t<!-- All in One SEO Pro 4.9.6.2 - aioseo.com -->\n\t<meta name=\"description\" content=\"Metal Doors Concept contact@usidesiguranta.ro +40 744 512 848 contact@usidesiguranta.ro +40 744 512 848 Oradea METAL DOORS CONCEPT S.R.L. CUI RO40109164, | J05\/2645\/2018 Ing. Sorin Costea Ep. Roman Ciorogariu nr. 4, Jud. Bihor, Mun. Oradea cod po\u0219tal 410017, Rom\u00e2nia Vezi pe hart\u0103\" \/>\n\t<meta name=\"robots\" content=\"max-image-preview:large\" \/>\n\t<link rel=\"canonical\" href=\"https:\/\/usidesiguranta.ro\/hu\/contact\/\" \/>\n\t<meta name=\"generator\" content=\"All in One SEO Pro (AIOSEO) 4.9.6.2\" \/>\n\t\t<meta property=\"og:locale\" content=\"hu_HU\" \/>\n\t\t<meta property=\"og:site_name\" content=\"Produc\u0103tor u\u0219i de siguran\u021ba Metal Doors - Usi de siguran\u021b\u0103 ITM\" \/>\n\t\t<meta property=\"og:type\" content=\"article\" \/>\n\t\t<meta property=\"og:title\" content=\"Contact - Produc\u0103tor u\u0219i de siguran\u021ba Metal Doors\" \/>\n\t\t<meta property=\"og:description\" content=\"Metal Doors Concept contact@usidesiguranta.ro +40 744 512 848 contact@usidesiguranta.ro +40 744 512 848 Oradea METAL DOORS CONCEPT S.R.L. CUI RO40109164, | J05\/2645\/2018 Ing. Sorin Costea Ep. Roman Ciorogariu nr. 4, Jud. Bihor, Mun. Oradea cod po\u0219tal 410017, Rom\u00e2nia Vezi pe hart\u0103\" \/>\n\t\t<meta property=\"og:url\" content=\"https:\/\/usidesiguranta.ro\/hu\/contact\/\" \/>\n\t\t<meta property=\"article:published_time\" content=\"2023-12-04T15:42:25+00:00\" \/>\n\t\t<meta property=\"article:modified_time\" content=\"2025-12-03T16:47:55+00:00\" \/>\n\t\t<meta name=\"twitter:card\" content=\"summary_large_image\" \/>\n\t\t<meta name=\"twitter:title\" content=\"Contact - Produc\u0103tor u\u0219i de siguran\u021ba Metal Doors\" \/>\n\t\t<meta name=\"twitter:description\" content=\"Metal Doors Concept contact@usidesiguranta.ro +40 744 512 848 contact@usidesiguranta.ro +40 744 512 848 Oradea METAL DOORS CONCEPT S.R.L. CUI RO40109164, | J05\/2645\/2018 Ing. Sorin Costea Ep. Roman Ciorogariu nr. 4, Jud. Bihor, Mun. Oradea cod po\u0219tal 410017, Rom\u00e2nia Vezi pe hart\u0103\" \/>\n\t\t<script type=\"application\/ld+json\" class=\"aioseo-schema\">\n\t\t\t{\"@context\":\"https:\\\/\\\/schema.org\",\"@graph\":[{\"@type\":\"BreadcrumbList\",\"@id\":\"https:\\\/\\\/usidesiguranta.ro\\\/hu\\\/contact\\\/#breadcrumblist\",\"itemListElement\":[{\"@type\":\"ListItem\",\"@id\":\"https:\\\/\\\/usidesiguranta.ro\\\/hu#listItem\",\"position\":1,\"name\":\"Home\",\"item\":\"https:\\\/\\\/usidesiguranta.ro\\\/hu\",\"nextItem\":{\"@type\":\"ListItem\",\"@id\":\"https:\\\/\\\/usidesiguranta.ro\\\/hu\\\/contact\\\/#listItem\",\"name\":\"Contact\"}},{\"@type\":\"ListItem\",\"@id\":\"https:\\\/\\\/usidesiguranta.ro\\\/hu\\\/contact\\\/#listItem\",\"position\":2,\"name\":\"Contact\",\"previousItem\":{\"@type\":\"ListItem\",\"@id\":\"https:\\\/\\\/usidesiguranta.ro\\\/hu#listItem\",\"name\":\"Home\"}}]},{\"@type\":\"Organization\",\"@id\":\"https:\\\/\\\/usidesiguranta.ro\\\/hu\\\/#organization\",\"name\":\"Produc\\u0103tor u\\u0219i de siguran\\u021ba Metal Doors\",\"description\":\"Usi de siguran\\u021b\\u0103 ITM\",\"url\":\"https:\\\/\\\/usidesiguranta.ro\\\/hu\\\/\",\"telephone\":\"+40744512848\",\"logo\":{\"@type\":\"ImageObject\",\"url\":\"https:\\\/\\\/usidesiguranta.ro\\\/wp-content\\\/uploads\\\/2024\\\/02\\\/logo-ITM-master-web-0208-01.svg\",\"@id\":\"https:\\\/\\\/usidesiguranta.ro\\\/hu\\\/contact\\\/#organizationLogo\"},\"image\":{\"@id\":\"https:\\\/\\\/usidesiguranta.ro\\\/hu\\\/contact\\\/#organizationLogo\"}},{\"@type\":\"WebPage\",\"@id\":\"https:\\\/\\\/usidesiguranta.ro\\\/hu\\\/contact\\\/#webpage\",\"url\":\"https:\\\/\\\/usidesiguranta.ro\\\/hu\\\/contact\\\/\",\"name\":\"Contact - Produc\\u0103tor u\\u0219i de siguran\\u021ba Metal Doors\",\"description\":\"Metal Doors Concept contact@usidesiguranta.ro +40 744 512 848 contact@usidesiguranta.ro +40 744 512 848 Oradea METAL DOORS CONCEPT S.R.L. CUI RO40109164, | J05\\\/2645\\\/2018 Ing. Sorin Costea Ep. Roman Ciorogariu nr. 4, Jud. Bihor, Mun. Oradea cod po\\u0219tal 410017, Rom\\u00e2nia Vezi pe hart\\u0103\",\"inLanguage\":\"hu-HU\",\"isPartOf\":{\"@id\":\"https:\\\/\\\/usidesiguranta.ro\\\/hu\\\/#website\"},\"breadcrumb\":{\"@id\":\"https:\\\/\\\/usidesiguranta.ro\\\/hu\\\/contact\\\/#breadcrumblist\"},\"datePublished\":\"2023-12-04T15:42:25+02:00\",\"dateModified\":\"2025-12-03T18:47:55+02:00\"},{\"@type\":\"WebSite\",\"@id\":\"https:\\\/\\\/usidesiguranta.ro\\\/hu\\\/#website\",\"url\":\"https:\\\/\\\/usidesiguranta.ro\\\/hu\\\/\",\"name\":\"Produc\\u0103tor u\\u0219i de siguran\\u021ba Metal Doors\",\"description\":\"Usi de siguran\\u021b\\u0103 ITM\",\"inLanguage\":\"hu-HU\",\"publisher\":{\"@id\":\"https:\\\/\\\/usidesiguranta.ro\\\/hu\\\/#organization\"}}]}\n\t\t<\/script>\n\t\t<!-- All in One SEO Pro -->\r\n\t\t<title>Contact - Produc\u0103tor u\u0219i de siguran\u021ba Metal Doors<\/title>\n\n","aioseo_head_json":{"title":"Kapcsolat - Biztons\u00e1gi ajt\u00f3k gy\u00e1rt\u00f3ja F\u00e9m ajt\u00f3k","description":"Metal Doors Concept contact@usidesiguranta.ro +40 744 512 848 contact@usidesiguranta.ro +40 744 512 848 Oradea METAL DOORS CONCEPT SRL CUI RO40109164, | J05\/2645\/2018 Eng. Sorin Costea Ep. Roman Ciorogariu nr. 4, Jud. Bihar, Mun. Nagyv\u00e1rad ir\u00e1ny\u00edt\u00f3sz\u00e1ma 410017, Rom\u00e1nia L\u00e1sd a t\u00e9rk\u00e9pen","canonical_url":"https:\/\/usidesiguranta.ro\/hu\/contact\/","robots":"max-image-preview:large","keywords":"","webmasterTools":{"miscellaneous":""},"schema":{"@context":"https:\/\/schema.org","@graph":[{"@type":"BreadcrumbList","@id":"https:\/\/usidesiguranta.ro\/hu\/contact\/#breadcrumblist","itemListElement":[{"@type":"ListItem","@id":"https:\/\/usidesiguranta.ro\/hu#listItem","position":1,"name":"Home","item":"https:\/\/usidesiguranta.ro\/hu","nextItem":{"@type":"ListItem","@id":"https:\/\/usidesiguranta.ro\/hu\/contact\/#listItem","name":"Contact"}},{"@type":"ListItem","@id":"https:\/\/usidesiguranta.ro\/hu\/contact\/#listItem","position":2,"name":"Contact","previousItem":{"@type":"ListItem","@id":"https:\/\/usidesiguranta.ro\/hu#listItem","name":"Home"}}]},{"@type":"Organization","@id":"https:\/\/usidesiguranta.ro\/hu\/#organization","name":"Produc\u0103tor u\u0219i de siguran\u021ba Metal Doors","description":"Usi de siguran\u021b\u0103 ITM","url":"https:\/\/usidesiguranta.ro\/hu\/","telephone":"+40744512848","logo":{"@type":"ImageObject","url":"https:\/\/usidesiguranta.ro\/wp-content\/uploads\/2024\/02\/logo-ITM-master-web-0208-01.svg","@id":"https:\/\/usidesiguranta.ro\/hu\/contact\/#organizationLogo"},"image":{"@id":"https:\/\/usidesiguranta.ro\/hu\/contact\/#organizationLogo"}},{"@type":"WebPage","@id":"https:\/\/usidesiguranta.ro\/hu\/contact\/#webpage","url":"https:\/\/usidesiguranta.ro\/hu\/contact\/","name":"Contact - Produc\u0103tor u\u0219i de siguran\u021ba Metal Doors","description":"Metal Doors Concept contact@usidesiguranta.ro +40 744 512 848 contact@usidesiguranta.ro +40 744 512 848 Oradea METAL DOORS CONCEPT S.R.L. CUI RO40109164, | J05\/2645\/2018 Ing. Sorin Costea Ep. Roman Ciorogariu nr. 4, Jud. Bihor, Mun. Oradea cod po\u0219tal 410017, Rom\u00e2nia Vezi pe hart\u0103","inLanguage":"hu-HU","isPartOf":{"@id":"https:\/\/usidesiguranta.ro\/hu\/#website"},"breadcrumb":{"@id":"https:\/\/usidesiguranta.ro\/hu\/contact\/#breadcrumblist"},"datePublished":"2023-12-04T15:42:25+02:00","dateModified":"2025-12-03T18:47:55+02:00"},{"@type":"WebSite","@id":"https:\/\/usidesiguranta.ro\/hu\/#website","url":"https:\/\/usidesiguranta.ro\/hu\/","name":"Produc\u0103tor u\u0219i de siguran\u021ba Metal Doors","description":"Usi de siguran\u021b\u0103 ITM","inLanguage":"hu-HU","publisher":{"@id":"https:\/\/usidesiguranta.ro\/hu\/#organization"}}]},"og:locale":"hu_HU","og:site_name":"Produc\u0103tor u\u0219i de siguran\u021ba Metal Doors - Usi de siguran\u021b\u0103 ITM","og:type":"article","og:title":"Contact - Produc\u0103tor u\u0219i de siguran\u021ba Metal Doors","og:description":"Metal Doors Concept contact@usidesiguranta.ro +40 744 512 848 contact@usidesiguranta.ro +40 744 512 848 Oradea METAL DOORS CONCEPT S.R.L. CUI RO40109164, | J05\/2645\/2018 Ing. Sorin Costea Ep. Roman Ciorogariu nr. 4, Jud. Bihor, Mun. Oradea cod po\u0219tal 410017, Rom\u00e2nia Vezi pe hart\u0103","og:url":"https:\/\/usidesiguranta.ro\/hu\/contact\/","article:published_time":"2023-12-04T15:42:25+00:00","article:modified_time":"2025-12-03T16:47:55+00:00","twitter:card":"summary_large_image","twitter:title":"Contact - Produc\u0103tor u\u0219i de siguran\u021ba Metal Doors","twitter:description":"Metal Doors Concept contact@usidesiguranta.ro +40 744 512 848 contact@usidesiguranta.ro +40 744 512 848 Oradea METAL DOORS CONCEPT S.R.L. CUI RO40109164, | J05\/2645\/2018 Ing. Sorin Costea Ep. Roman Ciorogariu nr. 4, Jud. Bihor, Mun. Oradea cod po\u0219tal 410017, Rom\u00e2nia Vezi pe hart\u0103"},"aioseo_meta_data":{"post_id":"10","title":null,"description":null,"keywords":null,"keyphrases":null,"primary_term":null,"canonical_url":null,"og_title":null,"og_description":null,"og_object_type":"default","og_image_type":"default","og_image_url":null,"og_image_width":null,"og_image_height":null,"og_image_custom_url":null,"og_image_custom_fields":null,"og_video":null,"og_custom_url":null,"og_article_section":null,"og_article_tags":null,"twitter_use_og":false,"twitter_card":"default","twitter_image_type":"default","twitter_image_url":null,"twitter_image_custom_url":null,"twitter_image_custom_fields":null,"twitter_title":null,"twitter_description":null,"schema":{"blockGraphs":[],"customGraphs":[],"default":{"data":{"Article":[],"Course":[],"Dataset":[],"FAQPage":[],"Movie":[],"Person":[],"Product":[],"ProductReview":[],"Car":[],"Recipe":[],"Service":[],"SoftwareApplication":[],"WebPage":[]},"graphName":"","isEnabled":true},"graphs":[]},"schema_type":"default","schema_type_options":null,"pillar_content":false,"robots_default":true,"robots_noindex":false,"robots_noarchive":false,"robots_nosnippet":false,"robots_nofollow":false,"robots_noimageindex":false,"robots_noodp":false,"robots_notranslate":false,"robots_max_snippet":null,"robots_max_videopreview":null,"robots_max_imagepreview":"large","priority":null,"frequency":null,"local_seo":null,"seo_analyzer_scan_date":"2025-12-03 18:45:37","breadcrumb_settings":null,"limit_modified_date":false,"open_ai":null,"ai":null,"created":"2024-02-15 19:29:10","updated":"2025-12-03 18:45:37"},"aioseo_breadcrumb":"<div class=\"aioseo-breadcrumbs\"><span class=\"aioseo-breadcrumb\">\n\t<a href=\"https:\/\/usidesiguranta.ro\/hu\" title=\"Home\">Home<\/a>\n<\/span><span class=\"aioseo-breadcrumb-separator\">&raquo;<\/span><span class=\"aioseo-breadcrumb\">\n\tContact\n<\/span><\/div>","aioseo_breadcrumb_json":[{"label":"Home","link":"https:\/\/usidesiguranta.ro\/hu"},{"label":"Contact","link":"https:\/\/usidesiguranta.ro\/hu\/contact\/"}],"_links":{"self":[{"href":"https:\/\/usidesiguranta.ro\/hu\/wp-json\/wp\/v2\/pages\/10","targetHints":{"allow":["GET"]}}],"collection":[{"href":"https:\/\/usidesiguranta.ro\/hu\/wp-json\/wp\/v2\/pages"}],"about":[{"href":"https:\/\/usidesiguranta.ro\/hu\/wp-json\/wp\/v2\/types\/page"}],"author":[{"embeddable":true,"href":"https:\/\/usidesiguranta.ro\/hu\/wp-json\/wp\/v2\/users\/1"}],"replies":[{"embeddable":true,"href":"https:\/\/usidesiguranta.ro\/hu\/wp-json\/wp\/v2\/comments?post=10"}],"version-history":[{"count":3,"href":"https:\/\/usidesiguranta.ro\/hu\/wp-json\/wp\/v2\/pages\/10\/revisions"}],"predecessor-version":[{"id":304,"href":"https:\/\/usidesiguranta.ro\/hu\/wp-json\/wp\/v2\/pages\/10\/revisions\/304"}],"wp:attachment":[{"href":"https:\/\/usidesiguranta.ro\/hu\/wp-json\/wp\/v2\/media?parent=10"}],"curies":[{"name":"munkaf\u00fczet","href":"https:\/\/api.w.org\/{rel}","templated":true}]}}