{"id":3,"date":"2023-12-04T15:26:49","date_gmt":"2023-12-04T15:26:49","guid":{"rendered":"https:\/\/usidesiguranta.ro\/?page_id=3"},"modified":"2024-02-15T18:44:16","modified_gmt":"2024-02-15T18:44:16","slug":"adatvedelmi-iranyelvek","status":"publish","type":"page","link":"https:\/\/usidesiguranta.ro\/hu\/privacy-policy\/","title":{"rendered":"Felhaszn\u00e1l\u00e1si felt\u00e9telek"},"content":{"rendered":"<p>Isten hozott a <a href=\"https:\/\/usidesiguranta.ro\/hu\/\">www.usidesiguranta.ro<\/a>, amelyet a METAL DOORS CONCEPT SRL \u00fczemeltet, CUI RO40109164 sz\u00e1mon bejegyzett, a C\u00e9gjegyz\u00e9kben a sz\u00e1mon bejegyzett. J05\/2645\/2018 \u00e9s sz\u00e9khelye: Str. Bart\u00f3k B\u00e9la, Sz. 12b Jud. Bihar, Mun., ir\u00e1ny\u00edt\u00f3sz\u00e1m 410156, Rom\u00e2ni. K\u00e9rd\u00e9seivel vagy pontos\u00edt\u00e1saival k\u00e9rj\u00fck, forduljon hozz\u00e1nk a contact@usidesiguranta.ro e-mail c\u00edmen vagy a +40 744 512 848 telefonsz\u00e1mon.<\/p>\n\n\n\n<p>K\u00e9rj\u00fck, hogy weboldalunk haszn\u00e1lata el\u0151tt figyelmesen olvassa el ezeket a felt\u00e9teleket.<\/p>\n\n\n\n<p><strong>1. A Felt\u00e9telek elfogad\u00e1sa<\/strong><\/p>\n\n\n\n<p>Az oldal megnyit\u00e1s\u00e1val \u00e9s haszn\u00e1lat\u00e1val \u00d6n mag\u00e1ra n\u00e9zve k\u00f6telez\u0151nek ismeri el ezeket a felt\u00e9teleket. Ha nem \u00e9rt egyet ezekkel a felt\u00e9telekkel, k\u00e9rj\u00fck, ne haszn\u00e1lja weboldalunkat.<\/p>\n\n\n\n<p><strong>2. Az oldal haszn\u00e1lata<\/strong><\/p>\n\n\n\n<p>2.1. A webhely bizonyos ter\u00fcleteinek el\u00e9r\u00e9s\u00e9hez regisztr\u00e1ci\u00f3 sz\u00fcks\u00e9ges. \u00d6n felel\u0151s bejelentkez\u00e9si adatainak bizalmas kezel\u00e9s\u00e9\u00e9rt.<\/p>\n\n\n\n<p>2.2. \u00d6n beleegyezik abba, hogy az oldalt kiz\u00e1r\u00f3lag t\u00f6rv\u00e9nyes c\u00e9lokra haszn\u00e1lja, \u00e9s a jelen felt\u00e9teleknek megfelel\u0151en.<\/p>\n\n\n\n<p><strong>3. Adatv\u00e9delem<\/strong><\/p>\n\n\n\n<p>Az \u00d6n szem\u00e9lyes adatait az Adatv\u00e9delmi szab\u00e1lyzatunknak megfelel\u0151en kezelj\u00fck. Az oldal haszn\u00e1lat\u00e1val \u00d6n hozz\u00e1j\u00e1rul ehhez a feldolgoz\u00e1shoz.<\/p>\n\n\n\n<p><strong>4. Szellemi tulajdonjogok<\/strong><\/p>\n\n\n\n<p>4.1. A weboldal tartalm\u00e1t szerz\u0151i jog \u00e9s egy\u00e9b szellemi tulajdonjogok v\u00e9dik.<\/p>\n\n\n\n<p>4.2. \u00cdr\u00e1sos enged\u00e9ly\u00fcnk n\u00e9lk\u00fcl nem reproduk\u00e1lhatja, terjesztheti, m\u00f3dos\u00edthatja vagy m\u00e1s m\u00f3don nem haszn\u00e1lhatja fel az oldal tartalm\u00e1t.<\/p>\n\n\n\n<p><strong>5. A felel\u0151ss\u00e9g korl\u00e1toz\u00e1sa<\/strong><\/p>\n\n\n\n<p>5.1. A webhelyet \u201eahogyan\u201d biztos\u00edtjuk, mindenf\u00e9le garancia n\u00e9lk\u00fcl.<\/p>\n\n\n\n<p>5.2. Nem v\u00e1llalunk felel\u0151ss\u00e9get olyan k\u00f6zvetlen, k\u00f6zvetett vagy v\u00e9letlen k\u00e1rok\u00e9rt, amelyek az oldal haszn\u00e1lat\u00e1b\u00f3l vagy haszn\u00e1lat\u00e1nak k\u00e9ptelens\u00e9g\u00e9b\u0151l sz\u00e1rmaznak.<\/p>\n\n\n\n<p><strong>6. Jogszab\u00e1lyok \u00e9s joghat\u00f3s\u00e1g<\/strong><\/p>\n\n\n\n<p>Ezekre a felt\u00e9telekre Rom\u00e1nia t\u00f6rv\u00e9nyei az ir\u00e1nyad\u00f3k. A jelen felt\u00e9telekkel \u00e9s felt\u00e9telekkel kapcsolatos b\u00e1rmely jogvita a rom\u00e1n b\u00edr\u00f3s\u00e1gok kiz\u00e1r\u00f3lagos joghat\u00f3s\u00e1ga al\u00e1 tartozik.<\/p>\n\n\n\n<p><strong>7. Az \u00c1ltal\u00e1nos Szerz\u0151d\u00e9si Felt\u00e9telek v\u00e1ltoz\u00e1sai<\/strong><\/p>\n\n\n\n<p>Fenntartjuk a jogot, hogy ezeket a felt\u00e9teleket b\u00e1rmikor megv\u00e1ltoztassuk. Az esetleges v\u00e1ltoztat\u00e1sok a weboldalon val\u00f3 megjelen\u00e9st k\u00f6vet\u0151en azonnal hat\u00e1lyba l\u00e9pnek.<\/p>\n\n\n\n<p><strong>8. Kapcsolat<\/strong><\/p>\n\n\n\n<p>K\u00e9rd\u00e9seivel vagy pontos\u00edt\u00e1saival forduljon hozz\u00e1nk a contact@usidesiguranta.ro e-mail c\u00edmen vagy a +40 744 512 848 telefonsz\u00e1mon.<\/p>","protected":false},"excerpt":{"rendered":"<p>Bine a\u021bi venit pe www.usidesiguranta.ro, operat de METAL DOORS CONCEPT S.R.L., \u00eenregistrat\u0103 sub CUI RO40109164, \u00eenregistrat\u0103 la Registrul Comer\u021bului sub nr. J05\/2645\/2018 \u0219i cu sediul \u00een Str. Bart\u00f3k B\u00e9la, Nr. 12b Jud. Bihor, Mun. Oradea, cod po\u0219tal 410156, Rom\u00e2ni. Pentru orice \u00eentreb\u0103ri sau clarific\u0103ri, v\u0103 rug\u0103m s\u0103 ne contacta\u021bi la adresa de e-mail contact@usidesiguranta.ro sau [&hellip;]<\/p>\n","protected":false},"author":1,"featured_media":0,"parent":0,"menu_order":0,"comment_status":"closed","ping_status":"closed","template":"","meta":{"footnotes":""},"class_list":["post-3","page","type-page","status-publish","hentry"],"aioseo_notices":[],"aioseo_head":"\n\t\t<!-- All in One SEO Pro 4.9.6.2 - aioseo.com -->\n\t<meta name=\"description\" content=\"Bine a\u021bi venit pe www.usidesiguranta.ro, operat de METAL DOORS CONCEPT S.R.L., \u00eenregistrat\u0103 sub CUI RO40109164, \u00eenregistrat\u0103 la Registrul Comer\u021bului sub nr. J05\/2645\/2018 \u0219i cu sediul \u00een Str. Bart\u00f3k B\u00e9la, Nr. 12b Jud. Bihor, Mun. Oradea, cod po\u0219tal 410156, Rom\u00e2ni. Pentru orice \u00eentreb\u0103ri sau clarific\u0103ri, v\u0103 rug\u0103m s\u0103 ne contacta\u021bi la adresa de e-mail contact@usidesiguranta.ro sau\" \/>\n\t<meta name=\"robots\" content=\"max-image-preview:large\" \/>\n\t<link rel=\"canonical\" href=\"https:\/\/usidesiguranta.ro\/hu\/privacy-policy\/\" \/>\n\t<meta name=\"generator\" content=\"All in One SEO Pro (AIOSEO) 4.9.6.2\" \/>\n\t\t<meta property=\"og:locale\" content=\"hu_HU\" \/>\n\t\t<meta property=\"og:site_name\" content=\"Produc\u0103tor u\u0219i de siguran\u021ba Metal Doors - Usi de siguran\u021b\u0103 ITM\" \/>\n\t\t<meta property=\"og:type\" content=\"article\" \/>\n\t\t<meta property=\"og:title\" content=\"Termeni \u0219i Condi\u021bii - Produc\u0103tor u\u0219i de siguran\u021ba Metal Doors\" \/>\n\t\t<meta property=\"og:description\" content=\"Bine a\u021bi venit pe www.usidesiguranta.ro, operat de METAL DOORS CONCEPT S.R.L., \u00eenregistrat\u0103 sub CUI RO40109164, \u00eenregistrat\u0103 la Registrul Comer\u021bului sub nr. J05\/2645\/2018 \u0219i cu sediul \u00een Str. Bart\u00f3k B\u00e9la, Nr. 12b Jud. Bihor, Mun. Oradea, cod po\u0219tal 410156, Rom\u00e2ni. Pentru orice \u00eentreb\u0103ri sau clarific\u0103ri, v\u0103 rug\u0103m s\u0103 ne contacta\u021bi la adresa de e-mail contact@usidesiguranta.ro sau\" \/>\n\t\t<meta property=\"og:url\" content=\"https:\/\/usidesiguranta.ro\/hu\/privacy-policy\/\" \/>\n\t\t<meta property=\"article:published_time\" content=\"2023-12-04T15:26:49+00:00\" \/>\n\t\t<meta property=\"article:modified_time\" content=\"2024-02-15T18:44:16+00:00\" \/>\n\t\t<meta name=\"twitter:card\" content=\"summary_large_image\" \/>\n\t\t<meta name=\"twitter:title\" content=\"Termeni \u0219i Condi\u021bii - Produc\u0103tor u\u0219i de siguran\u021ba Metal Doors\" \/>\n\t\t<meta name=\"twitter:description\" content=\"Bine a\u021bi venit pe www.usidesiguranta.ro, operat de METAL DOORS CONCEPT S.R.L., \u00eenregistrat\u0103 sub CUI RO40109164, \u00eenregistrat\u0103 la Registrul Comer\u021bului sub nr. J05\/2645\/2018 \u0219i cu sediul \u00een Str. Bart\u00f3k B\u00e9la, Nr. 12b Jud. Bihor, Mun. Oradea, cod po\u0219tal 410156, Rom\u00e2ni. Pentru orice \u00eentreb\u0103ri sau clarific\u0103ri, v\u0103 rug\u0103m s\u0103 ne contacta\u021bi la adresa de e-mail contact@usidesiguranta.ro sau\" \/>\n\t\t<script type=\"application\/ld+json\" class=\"aioseo-schema\">\n\t\t\t{\"@context\":\"https:\\\/\\\/schema.org\",\"@graph\":[{\"@type\":\"BreadcrumbList\",\"@id\":\"https:\\\/\\\/usidesiguranta.ro\\\/hu\\\/privacy-policy\\\/#breadcrumblist\",\"itemListElement\":[{\"@type\":\"ListItem\",\"@id\":\"https:\\\/\\\/usidesiguranta.ro\\\/hu#listItem\",\"position\":1,\"name\":\"Home\",\"item\":\"https:\\\/\\\/usidesiguranta.ro\\\/hu\",\"nextItem\":{\"@type\":\"ListItem\",\"@id\":\"https:\\\/\\\/usidesiguranta.ro\\\/hu\\\/privacy-policy\\\/#listItem\",\"name\":\"Termeni \\u0219i Condi\\u021bii\"}},{\"@type\":\"ListItem\",\"@id\":\"https:\\\/\\\/usidesiguranta.ro\\\/hu\\\/privacy-policy\\\/#listItem\",\"position\":2,\"name\":\"Termeni \\u0219i Condi\\u021bii\",\"previousItem\":{\"@type\":\"ListItem\",\"@id\":\"https:\\\/\\\/usidesiguranta.ro\\\/hu#listItem\",\"name\":\"Home\"}}]},{\"@type\":\"Organization\",\"@id\":\"https:\\\/\\\/usidesiguranta.ro\\\/hu\\\/#organization\",\"name\":\"Produc\\u0103tor u\\u0219i de siguran\\u021ba Metal Doors\",\"description\":\"Usi de siguran\\u021b\\u0103 ITM\",\"url\":\"https:\\\/\\\/usidesiguranta.ro\\\/hu\\\/\",\"telephone\":\"+40744512848\",\"logo\":{\"@type\":\"ImageObject\",\"url\":\"https:\\\/\\\/usidesiguranta.ro\\\/wp-content\\\/uploads\\\/2024\\\/02\\\/logo-ITM-master-web-0208-01.svg\",\"@id\":\"https:\\\/\\\/usidesiguranta.ro\\\/hu\\\/privacy-policy\\\/#organizationLogo\"},\"image\":{\"@id\":\"https:\\\/\\\/usidesiguranta.ro\\\/hu\\\/privacy-policy\\\/#organizationLogo\"}},{\"@type\":\"WebPage\",\"@id\":\"https:\\\/\\\/usidesiguranta.ro\\\/hu\\\/privacy-policy\\\/#webpage\",\"url\":\"https:\\\/\\\/usidesiguranta.ro\\\/hu\\\/privacy-policy\\\/\",\"name\":\"Termeni \\u0219i Condi\\u021bii - Produc\\u0103tor u\\u0219i de siguran\\u021ba Metal Doors\",\"description\":\"Bine a\\u021bi venit pe www.usidesiguranta.ro, operat de METAL DOORS CONCEPT S.R.L., \\u00eenregistrat\\u0103 sub CUI RO40109164, \\u00eenregistrat\\u0103 la Registrul Comer\\u021bului sub nr. J05\\\/2645\\\/2018 \\u0219i cu sediul \\u00een Str. Bart\\u00f3k B\\u00e9la, Nr. 12b Jud. Bihor, Mun. Oradea, cod po\\u0219tal 410156, Rom\\u00e2ni. Pentru orice \\u00eentreb\\u0103ri sau clarific\\u0103ri, v\\u0103 rug\\u0103m s\\u0103 ne contacta\\u021bi la adresa de e-mail contact@usidesiguranta.ro sau\",\"inLanguage\":\"hu-HU\",\"isPartOf\":{\"@id\":\"https:\\\/\\\/usidesiguranta.ro\\\/hu\\\/#website\"},\"breadcrumb\":{\"@id\":\"https:\\\/\\\/usidesiguranta.ro\\\/hu\\\/privacy-policy\\\/#breadcrumblist\"},\"datePublished\":\"2023-12-04T15:26:49+02:00\",\"dateModified\":\"2024-02-15T18:44:16+02:00\"},{\"@type\":\"WebSite\",\"@id\":\"https:\\\/\\\/usidesiguranta.ro\\\/hu\\\/#website\",\"url\":\"https:\\\/\\\/usidesiguranta.ro\\\/hu\\\/\",\"name\":\"Produc\\u0103tor u\\u0219i de siguran\\u021ba Metal Doors\",\"description\":\"Usi de siguran\\u021b\\u0103 ITM\",\"inLanguage\":\"hu-HU\",\"publisher\":{\"@id\":\"https:\\\/\\\/usidesiguranta.ro\\\/hu\\\/#organization\"}}]}\n\t\t<\/script>\n\t\t<!-- All in One SEO Pro -->\r\n\t\t<title>Termeni \u0219i Condi\u021bii - Produc\u0103tor u\u0219i de siguran\u021ba Metal Doors<\/title>\n\n","aioseo_head_json":{"title":"Felt\u00e9telek - Biztons\u00e1gi ajt\u00f3 gy\u00e1rt\u00f3 Metal Doors","description":"\u00dcdv\u00f6z\u00f6lj\u00fck a www.usidesiguranta.ro oldalon, amelyet a METAL DOORS CONCEPT SRL \u00fczemeltet, a CUI RO40109164 sz\u00e1m alatt van bejegyezve, a C\u00e9gjegyz\u00e9kben a sz\u00e1m alatt van bejegyezve. J05\/2645\/2018 \u00e9s sz\u00e9khelye: Str. Bart\u00f3k B\u00e9la, Sz. 12b Jud. Bihar, Mun., ir\u00e1ny\u00edt\u00f3sz\u00e1m 410156, Rom\u00e2ni. Ha k\u00e9rd\u00e9se vagy pontos\u00edt\u00e1sa van, forduljon hozz\u00e1nk a contact@usidesiguranta.ro vagy a k\u00f6vetkez\u0151 c\u00edmen","canonical_url":"https:\/\/usidesiguranta.ro\/hu\/privacy-policy\/","robots":"max-image-preview:large","keywords":"","webmasterTools":{"miscellaneous":""},"schema":{"@context":"https:\/\/schema.org","@graph":[{"@type":"BreadcrumbList","@id":"https:\/\/usidesiguranta.ro\/hu\/privacy-policy\/#breadcrumblist","itemListElement":[{"@type":"ListItem","@id":"https:\/\/usidesiguranta.ro\/hu#listItem","position":1,"name":"Home","item":"https:\/\/usidesiguranta.ro\/hu","nextItem":{"@type":"ListItem","@id":"https:\/\/usidesiguranta.ro\/hu\/privacy-policy\/#listItem","name":"Termeni \u0219i Condi\u021bii"}},{"@type":"ListItem","@id":"https:\/\/usidesiguranta.ro\/hu\/privacy-policy\/#listItem","position":2,"name":"Termeni \u0219i Condi\u021bii","previousItem":{"@type":"ListItem","@id":"https:\/\/usidesiguranta.ro\/hu#listItem","name":"Home"}}]},{"@type":"Organization","@id":"https:\/\/usidesiguranta.ro\/hu\/#organization","name":"Produc\u0103tor u\u0219i de siguran\u021ba Metal Doors","description":"Usi de siguran\u021b\u0103 ITM","url":"https:\/\/usidesiguranta.ro\/hu\/","telephone":"+40744512848","logo":{"@type":"ImageObject","url":"https:\/\/usidesiguranta.ro\/wp-content\/uploads\/2024\/02\/logo-ITM-master-web-0208-01.svg","@id":"https:\/\/usidesiguranta.ro\/hu\/privacy-policy\/#organizationLogo"},"image":{"@id":"https:\/\/usidesiguranta.ro\/hu\/privacy-policy\/#organizationLogo"}},{"@type":"WebPage","@id":"https:\/\/usidesiguranta.ro\/hu\/privacy-policy\/#webpage","url":"https:\/\/usidesiguranta.ro\/hu\/privacy-policy\/","name":"Termeni \u0219i Condi\u021bii - Produc\u0103tor u\u0219i de siguran\u021ba Metal Doors","description":"Bine a\u021bi venit pe www.usidesiguranta.ro, operat de METAL DOORS CONCEPT S.R.L., \u00eenregistrat\u0103 sub CUI RO40109164, \u00eenregistrat\u0103 la Registrul Comer\u021bului sub nr. J05\/2645\/2018 \u0219i cu sediul \u00een Str. Bart\u00f3k B\u00e9la, Nr. 12b Jud. Bihor, Mun. Oradea, cod po\u0219tal 410156, Rom\u00e2ni. Pentru orice \u00eentreb\u0103ri sau clarific\u0103ri, v\u0103 rug\u0103m s\u0103 ne contacta\u021bi la adresa de e-mail contact@usidesiguranta.ro sau","inLanguage":"hu-HU","isPartOf":{"@id":"https:\/\/usidesiguranta.ro\/hu\/#website"},"breadcrumb":{"@id":"https:\/\/usidesiguranta.ro\/hu\/privacy-policy\/#breadcrumblist"},"datePublished":"2023-12-04T15:26:49+02:00","dateModified":"2024-02-15T18:44:16+02:00"},{"@type":"WebSite","@id":"https:\/\/usidesiguranta.ro\/hu\/#website","url":"https:\/\/usidesiguranta.ro\/hu\/","name":"Produc\u0103tor u\u0219i de siguran\u021ba Metal Doors","description":"Usi de siguran\u021b\u0103 ITM","inLanguage":"hu-HU","publisher":{"@id":"https:\/\/usidesiguranta.ro\/hu\/#organization"}}]},"og:locale":"hu_HU","og:site_name":"Produc\u0103tor u\u0219i de siguran\u021ba Metal Doors - Usi de siguran\u021b\u0103 ITM","og:type":"article","og:title":"Termeni \u0219i Condi\u021bii - Produc\u0103tor u\u0219i de siguran\u021ba Metal Doors","og:description":"Bine a\u021bi venit pe www.usidesiguranta.ro, operat de METAL DOORS CONCEPT S.R.L., \u00eenregistrat\u0103 sub CUI RO40109164, \u00eenregistrat\u0103 la Registrul Comer\u021bului sub nr. J05\/2645\/2018 \u0219i cu sediul \u00een Str. Bart\u00f3k B\u00e9la, Nr. 12b Jud. Bihor, Mun. Oradea, cod po\u0219tal 410156, Rom\u00e2ni. Pentru orice \u00eentreb\u0103ri sau clarific\u0103ri, v\u0103 rug\u0103m s\u0103 ne contacta\u021bi la adresa de e-mail contact@usidesiguranta.ro sau","og:url":"https:\/\/usidesiguranta.ro\/hu\/privacy-policy\/","article:published_time":"2023-12-04T15:26:49+00:00","article:modified_time":"2024-02-15T18:44:16+00:00","twitter:card":"summary_large_image","twitter:title":"Termeni \u0219i Condi\u021bii - Produc\u0103tor u\u0219i de siguran\u021ba Metal Doors","twitter:description":"Bine a\u021bi venit pe www.usidesiguranta.ro, operat de METAL DOORS CONCEPT S.R.L., \u00eenregistrat\u0103 sub CUI RO40109164, \u00eenregistrat\u0103 la Registrul Comer\u021bului sub nr. J05\/2645\/2018 \u0219i cu sediul \u00een Str. Bart\u00f3k B\u00e9la, Nr. 12b Jud. Bihor, Mun. Oradea, cod po\u0219tal 410156, Rom\u00e2ni. Pentru orice \u00eentreb\u0103ri sau clarific\u0103ri, v\u0103 rug\u0103m s\u0103 ne contacta\u021bi la adresa de e-mail contact@usidesiguranta.ro sau"},"aioseo_meta_data":{"post_id":"3","title":null,"description":null,"keywords":null,"keyphrases":null,"primary_term":null,"canonical_url":null,"og_title":null,"og_description":null,"og_object_type":"default","og_image_type":"default","og_image_url":null,"og_image_width":null,"og_image_height":null,"og_image_custom_url":null,"og_image_custom_fields":null,"og_video":null,"og_custom_url":null,"og_article_section":null,"og_article_tags":null,"twitter_use_og":false,"twitter_card":"default","twitter_image_type":"default","twitter_image_url":null,"twitter_image_custom_url":null,"twitter_image_custom_fields":null,"twitter_title":null,"twitter_description":null,"schema":{"blockGraphs":[],"customGraphs":[],"default":{"data":{"Article":[],"Course":[],"Dataset":[],"FAQPage":[],"Movie":[],"Person":[],"Product":[],"ProductReview":[],"Car":[],"Recipe":[],"Service":[],"SoftwareApplication":[],"WebPage":[]},"graphName":"","isEnabled":true},"graphs":[]},"schema_type":"default","schema_type_options":null,"pillar_content":false,"robots_default":true,"robots_noindex":false,"robots_noarchive":false,"robots_nosnippet":false,"robots_nofollow":false,"robots_noimageindex":false,"robots_noodp":false,"robots_notranslate":false,"robots_max_snippet":null,"robots_max_videopreview":null,"robots_max_imagepreview":"large","priority":null,"frequency":null,"local_seo":null,"seo_analyzer_scan_date":"2025-12-03 16:06:44","breadcrumb_settings":null,"limit_modified_date":false,"open_ai":null,"ai":null,"created":"2024-02-15 19:29:10","updated":"2025-12-03 16:36:42"},"aioseo_breadcrumb":"<div class=\"aioseo-breadcrumbs\"><span class=\"aioseo-breadcrumb\">\n\t<a href=\"https:\/\/usidesiguranta.ro\/hu\" title=\"Home\">Home<\/a>\n<\/span><span class=\"aioseo-breadcrumb-separator\">&raquo;<\/span><span class=\"aioseo-breadcrumb\">\n\tTermeni \u0219i Condi\u021bii\n<\/span><\/div>","aioseo_breadcrumb_json":[{"label":"Home","link":"https:\/\/usidesiguranta.ro\/hu"},{"label":"Termeni \u0219i Condi\u021bii","link":"https:\/\/usidesiguranta.ro\/hu\/privacy-policy\/"}],"_links":{"self":[{"href":"https:\/\/usidesiguranta.ro\/hu\/wp-json\/wp\/v2\/pages\/3","targetHints":{"allow":["GET"]}}],"collection":[{"href":"https:\/\/usidesiguranta.ro\/hu\/wp-json\/wp\/v2\/pages"}],"about":[{"href":"https:\/\/usidesiguranta.ro\/hu\/wp-json\/wp\/v2\/types\/page"}],"author":[{"embeddable":true,"href":"https:\/\/usidesiguranta.ro\/hu\/wp-json\/wp\/v2\/users\/1"}],"replies":[{"embeddable":true,"href":"https:\/\/usidesiguranta.ro\/hu\/wp-json\/wp\/v2\/comments?post=3"}],"version-history":[{"count":3,"href":"https:\/\/usidesiguranta.ro\/hu\/wp-json\/wp\/v2\/pages\/3\/revisions"}],"predecessor-version":[{"id":181,"href":"https:\/\/usidesiguranta.ro\/hu\/wp-json\/wp\/v2\/pages\/3\/revisions\/181"}],"wp:attachment":[{"href":"https:\/\/usidesiguranta.ro\/hu\/wp-json\/wp\/v2\/media?parent=3"}],"curies":[{"name":"munkaf\u00fczet","href":"https:\/\/api.w.org\/{rel}","templated":true}]}}